{"id":5441,"date":"2022-07-25T17:27:18","date_gmt":"2022-07-25T15:27:18","guid":{"rendered":"https:\/\/www.ugruppe.de\/kuenye\/"},"modified":"2022-10-11T15:55:54","modified_gmt":"2022-10-11T13:55:54","slug":"kunye","status":"publish","type":"page","link":"https:\/\/www.ugruppe.de\/tr\/kunye\/","title":{"rendered":"K\u00fcnye"},"content":{"rendered":"\t\t<div data-elementor-type=\"wp-page\" data-elementor-id=\"5441\" class=\"elementor elementor-5441 elementor-970\">\n\t\t\t\t\t\t\t\t\t<section class=\"elementor-section elementor-top-section elementor-element elementor-element-3a89553 elementor-section-height-min-height elementor-section-boxed elementor-section-height-default elementor-section-items-middle\" data-id=\"3a89553\" data-element_type=\"section\" data-settings=\"{&quot;background_background&quot;:&quot;gradient&quot;,&quot;shape_divider_bottom&quot;:&quot;waves&quot;}\">\n\t\t\t\t\t\t\t<div class=\"elementor-background-overlay\"><\/div>\n\t\t\t\t\t\t<div class=\"elementor-shape elementor-shape-bottom\" data-negative=\"false\">\n\t\t\t<svg xmlns=\"http:\/\/www.w3.org\/2000\/svg\" viewBox=\"0 0 1000 100\" preserveAspectRatio=\"none\">\n\t<path class=\"elementor-shape-fill\" d=\"M421.9,6.5c22.6-2.5,51.5,0.4,75.5,5.3c23.6,4.9,70.9,23.5,100.5,35.7c75.8,32.2,133.7,44.5,192.6,49.7\n\tc23.6,2.1,48.7,3.5,103.4-2.5c54.7-6,106.2-25.6,106.2-25.6V0H0v30.3c0,0,72,32.6,158.4,30.5c39.2-0.7,92.8-6.7,134-22.4\n\tc21.2-8.1,52.2-18.2,79.7-24.2C399.3,7.9,411.6,7.5,421.9,6.5z\"\/>\n<\/svg>\t\t<\/div>\n\t\t\t\t\t<div class=\"elementor-container elementor-column-gap-default\">\n\t\t\t\t\t<div class=\"elementor-column elementor-col-100 elementor-top-column elementor-element elementor-element-8c20e3d\" data-id=\"8c20e3d\" data-element_type=\"column\">\n\t\t\t<div class=\"elementor-widget-wrap elementor-element-populated\">\n\t\t\t\t\t\t\t\t<div class=\"elementor-element elementor-element-f456028 animated-slow elementor-invisible elementor-widget elementor-widget-heading\" data-id=\"f456028\" data-element_type=\"widget\" data-settings=\"{&quot;_animation&quot;:&quot;fadeIn&quot;}\" data-widget_type=\"heading.default\">\n\t\t\t\t<div class=\"elementor-widget-container\">\n\t\t\t<style>\/*! elementor - v3.6.8 - 27-07-2022 *\/\n.elementor-heading-title{padding:0;margin:0;line-height:1}.elementor-widget-heading .elementor-heading-title[class*=elementor-size-]>a{color:inherit;font-size:inherit;line-height:inherit}.elementor-widget-heading .elementor-heading-title.elementor-size-small{font-size:15px}.elementor-widget-heading .elementor-heading-title.elementor-size-medium{font-size:19px}.elementor-widget-heading .elementor-heading-title.elementor-size-large{font-size:29px}.elementor-widget-heading .elementor-heading-title.elementor-size-xl{font-size:39px}.elementor-widget-heading .elementor-heading-title.elementor-size-xxl{font-size:59px}<\/style><h2 class=\"elementor-heading-title elementor-size-default\">K\u00fcnye<\/h2>\t\t<\/div>\n\t\t\t\t<\/div>\n\t\t\t\t<div class=\"elementor-element elementor-element-ba67838 elementor-mobile-align-center elementor-align-center elementor-widget elementor-widget-button\" data-id=\"ba67838\" data-element_type=\"widget\" data-widget_type=\"button.default\">\n\t\t\t\t<div class=\"elementor-widget-container\">\n\t\t\t\t\t<div class=\"elementor-button-wrapper\">\n\t\t\t<a href=\"#impressum\" class=\"elementor-button-link elementor-button elementor-size-md\" role=\"button\">\n\t\t\t\t\t\t<span class=\"elementor-button-content-wrapper\">\n\t\t\t\t\t\t\t<span class=\"elementor-button-icon elementor-align-icon-right\">\n\t\t\t\t<i aria-hidden=\"true\" class=\"fas fa-arrow-down\"><\/i>\t\t\t<\/span>\n\t\t\t\t\t\t<span class=\"elementor-button-text\">Daha fazla bilgi<\/span>\n\t\t<\/span>\n\t\t\t\t\t<\/a>\n\t\t<\/div>\n\t\t\t\t<\/div>\n\t\t\t\t<\/div>\n\t\t\t\t\t<\/div>\n\t\t<\/div>\n\t\t\t\t\t\t\t<\/div>\n\t\t<\/section>\n\t\t\t\t<section class=\"elementor-section elementor-top-section elementor-element elementor-element-f197196 elementor-section-boxed elementor-section-height-default elementor-section-height-default\" data-id=\"f197196\" data-element_type=\"section\">\n\t\t\t\t\t\t<div class=\"elementor-container elementor-column-gap-default\">\n\t\t\t\t\t<div class=\"elementor-column elementor-col-100 elementor-top-column elementor-element elementor-element-6779f4d\" data-id=\"6779f4d\" data-element_type=\"column\">\n\t\t\t<div class=\"elementor-widget-wrap elementor-element-populated\">\n\t\t\t\t\t\t\t\t<div class=\"elementor-element elementor-element-b5f4404 elementor-widget elementor-widget-menu-anchor\" data-id=\"b5f4404\" data-element_type=\"widget\" data-widget_type=\"menu-anchor.default\">\n\t\t\t\t<div class=\"elementor-widget-container\">\n\t\t\t<style>\/*! elementor - v3.6.8 - 27-07-2022 *\/\nbody.elementor-page .elementor-widget-menu-anchor{margin-bottom:0}<\/style>\t\t<div id=\"impressum\" class=\"elementor-menu-anchor\"><\/div>\n\t\t\t\t<\/div>\n\t\t\t\t<\/div>\n\t\t\t\t\t<\/div>\n\t\t<\/div>\n\t\t\t\t\t\t\t<\/div>\n\t\t<\/section>\n\t\t\t\t<section class=\"elementor-section elementor-top-section elementor-element elementor-element-6634be1 elementor-section-boxed elementor-section-height-default elementor-section-height-default\" data-id=\"6634be1\" data-element_type=\"section\">\n\t\t\t\t\t\t<div class=\"elementor-container elementor-column-gap-default\">\n\t\t\t\t\t<div class=\"elementor-column elementor-col-100 elementor-top-column elementor-element elementor-element-0c1dbb6\" data-id=\"0c1dbb6\" data-element_type=\"column\">\n\t\t\t<div class=\"elementor-widget-wrap elementor-element-populated\">\n\t\t\t\t\t\t\t\t<div class=\"elementor-element elementor-element-17610cf elementor-widget elementor-widget-text-editor\" data-id=\"17610cf\" data-element_type=\"widget\" data-widget_type=\"text-editor.default\">\n\t\t\t\t<div class=\"elementor-widget-container\">\n\t\t\t<style>\/*! elementor - v3.6.8 - 27-07-2022 *\/\n.elementor-widget-text-editor.elementor-drop-cap-view-stacked .elementor-drop-cap{background-color:#818a91;color:#fff}.elementor-widget-text-editor.elementor-drop-cap-view-framed .elementor-drop-cap{color:#818a91;border:3px solid;background-color:transparent}.elementor-widget-text-editor:not(.elementor-drop-cap-view-default) .elementor-drop-cap{margin-top:8px}.elementor-widget-text-editor:not(.elementor-drop-cap-view-default) .elementor-drop-cap-letter{width:1em;height:1em}.elementor-widget-text-editor .elementor-drop-cap{float:left;text-align:center;line-height:1;font-size:50px}.elementor-widget-text-editor .elementor-drop-cap-letter{display:inline-block}<\/style>\t\t\t\t<h3>K\u00fcnye<\/h3><h4>UGruppe GmbH<\/h4><p><strong>\u0130LET\u0130\u015e\u0130M<\/strong><\/p><p>Franzstra\u00dfe 9, 47166 Duisburg<br \/>Tel. +49 203 4567 60 40<br \/><a href=\"mailto:info@ugruppe.de\">info@ugruppe.de<\/a><br \/><a href=\"https:\/\/www.ugruppe.de\/\">www.ugruppe.de<\/a><\/p><p>\u00a0<\/p><p><strong>GENEL M\u00dcD\u00dcR<\/strong><\/p><p>Ufuk G\u00fcnet<\/p><p>\u00a0<\/p><p><strong>YEREL MAHKEME<\/strong><br \/>Duisburg Yerel Mahkemesi, HRB 35558<\/p><p>\u00a0<\/p><p><strong>TASARIM VE MET\u0130N<\/strong><br \/>smartin ADVERTISING GmbH<\/p><p>\u00a0<\/p><p>Alman Telemedya Kanunu (TMG) madde 5&#8217;e g\u00f6re i\u00e7erik y\u00f6n\u00fcnden sorumlu: Ufuk G\u00fcnet<br \/>ve Eyaletleraras\u0131 Radyo-Televizyon Anla\u015fmas\u0131 (RStV) madde 55&#8217;e g\u00f6re i\u00e7erik y\u00f6n\u00fcnden sorumlu: Ufuk G\u00fcnet<\/p><p>\u00a0<\/p><p><strong>\u0130\u00e7erikler i\u00e7in sorumluluk<\/strong><\/p><p>Sayfalar\u0131m\u0131z\u0131n i\u00e7erikleri b\u00fcy\u00fck bir titizlikle haz\u0131rlanm\u0131\u015ft\u0131r. \u0130\u00e7eriklerin do\u011frulu\u011fu, taml\u0131\u011f\u0131 veya g\u00fcncelli\u011fi konusunda ise taraf\u0131m\u0131zca herhangi bir garanti verilmemektedir. Bir hizmet sa\u011flay\u0131c\u0131s\u0131 olarak bizler TMG madde 7 f\u0131kra 1 gere\u011fi genel yasalara g\u00f6re bu sayfalarda yer alan bize ait i\u00e7eriklerden sorumluyuz. TMG madde 8 -10\u2019a g\u00f6re hizmet sa\u011flay\u0131c\u0131s\u0131 olarak, aktar\u0131lan veya kaydedilen yabanc\u0131 bilgileri denetleme veya yasaya ayk\u0131r\u0131 bir faaliyete i\u015faret eden \u015fartlar\u0131 ara\u015ft\u0131rma y\u00fck\u00fcml\u00fcl\u00fc\u011f\u00fcm\u00fcz yoktur. Genel yasalara g\u00f6re bilgilerin veya kullan\u0131lmas\u0131n\u0131n engellenmesi konusundaki y\u00fck\u00fcml\u00fcl\u00fckler yukar\u0131daki kural\u0131n d\u0131\u015f\u0131nda kalmaktad\u0131r. Bu konudaki bir sorumluluk ise kesin bir yasa ihlali bilgisi al\u0131nd\u0131\u011f\u0131 anda \u00fcstlenilebilir. Yasa ihlallerinin tespiti durumunda bu i\u00e7erikler derhal iptal edilir.<\/p><p>\u00a0<\/p><p><strong>Linkler i\u00e7in sorumluluk<\/strong><\/p><p>Web sayfam\u0131z, \u00fc\u00e7\u00fcnc\u00fc \u015fah\u0131slara ait harici web sayfalar\u0131na y\u00f6nelik linkler i\u00e7ermektedir, bunlar\u0131n i\u00e7eriklerine m\u00fcdahale etme imkan\u0131m\u0131z yoktur. O nedenle de bu yabanc\u0131 i\u00e7erikler i\u00e7in garanti veremiyoruz. Ba\u011flant\u0131 sa\u011flanan sayfalar\u0131n i\u00e7erikleri i\u00e7in daima ilgili web sayfas\u0131n\u0131n sa\u011flay\u0131c\u0131s\u0131 veya i\u015fleticisi sorumludur. Ba\u011flant\u0131 sa\u011flanan sayfalar ba\u011flant\u0131 verildi\u011fi s\u0131rada olas\u0131 yasa ihlalleri a\u00e7\u0131s\u0131ndan incelenmi\u015ftir. Ba\u011flant\u0131 sa\u011flanan tarihte yasaya ayk\u0131r\u0131 i\u00e7erikler tespit edilmemi\u015ftir. Ba\u011flant\u0131 sa\u011flanan sayfalar\u0131n devaml\u0131 olarak i\u00e7erik y\u00f6n\u00fcnden kontrol edilmesi yasa ihlaline dair net bir dayanak olmad\u0131k\u00e7a s\u00f6z konusu de\u011fildir. Yasa ihlallerinin tespit edilmesi durumunda bu t\u00fcr ba\u011flant\u0131lar derhal iptal edilir.<\/p>\t\t\t\t\t\t<\/div>\n\t\t\t\t<\/div>\n\t\t\t\t\t<\/div>\n\t\t<\/div>\n\t\t\t\t\t\t\t<\/div>\n\t\t<\/section>\n\t\t\t\t\t\t\t<\/div>\n\t\t","protected":false},"excerpt":{"rendered":"<p>K\u00fcnye Daha fazla bilgi K\u00fcnye UGruppe GmbH \u0130LET\u0130\u015e\u0130M Franzstra\u00dfe 9, [&hellip;]<\/p>\n","protected":false},"author":5,"featured_media":0,"parent":0,"menu_order":0,"comment_status":"closed","ping_status":"closed","template":"elementor_header_footer","meta":[],"acf":[],"_links":{"self":[{"href":"https:\/\/www.ugruppe.de\/tr\/wp-json\/wp\/v2\/pages\/5441"}],"collection":[{"href":"https:\/\/www.ugruppe.de\/tr\/wp-json\/wp\/v2\/pages"}],"about":[{"href":"https:\/\/www.ugruppe.de\/tr\/wp-json\/wp\/v2\/types\/page"}],"author":[{"embeddable":true,"href":"https:\/\/www.ugruppe.de\/tr\/wp-json\/wp\/v2\/users\/5"}],"replies":[{"embeddable":true,"href":"https:\/\/www.ugruppe.de\/tr\/wp-json\/wp\/v2\/comments?post=5441"}],"version-history":[{"count":14,"href":"https:\/\/www.ugruppe.de\/tr\/wp-json\/wp\/v2\/pages\/5441\/revisions"}],"predecessor-version":[{"id":6314,"href":"https:\/\/www.ugruppe.de\/tr\/wp-json\/wp\/v2\/pages\/5441\/revisions\/6314"}],"wp:attachment":[{"href":"https:\/\/www.ugruppe.de\/tr\/wp-json\/wp\/v2\/media?parent=5441"}],"curies":[{"name":"wp","href":"https:\/\/api.w.org\/{rel}","templated":true}]}}