{"id":5448,"date":"2022-07-22T10:44:30","date_gmt":"2022-07-22T08:44:30","guid":{"rendered":"https:\/\/www.ugruppe.de\/hikaye\/"},"modified":"2022-10-11T15:24:27","modified_gmt":"2022-10-11T13:24:27","slug":"tarihce","status":"publish","type":"page","link":"https:\/\/www.ugruppe.de\/tr\/tarihce\/","title":{"rendered":"Tarih\u00e7e"},"content":{"rendered":"\t\t<div data-elementor-type=\"wp-page\" data-elementor-id=\"5448\" class=\"elementor elementor-5448 elementor-283\">\n\t\t\t\t\t\t\t\t\t<section class=\"elementor-section elementor-top-section elementor-element elementor-element-69359f0 elementor-section-height-min-height elementor-section-content-middle elementor-section-boxed elementor-section-height-default elementor-section-items-middle\" data-id=\"69359f0\" data-element_type=\"section\" data-settings=\"{&quot;background_background&quot;:&quot;classic&quot;}\">\n\t\t\t\t\t\t\t<div class=\"elementor-background-overlay\"><\/div>\n\t\t\t\t\t\t\t<div class=\"elementor-container elementor-column-gap-default\">\n\t\t\t\t\t<div class=\"elementor-column elementor-col-100 elementor-top-column elementor-element elementor-element-d3f6d72\" data-id=\"d3f6d72\" data-element_type=\"column\">\n\t\t\t<div class=\"elementor-widget-wrap elementor-element-populated\">\n\t\t\t\t\t\t\t\t<div class=\"elementor-element elementor-element-15e9495 animated-slow elementor-invisible elementor-widget elementor-widget-heading\" data-id=\"15e9495\" data-element_type=\"widget\" data-settings=\"{&quot;_animation&quot;:&quot;fadeIn&quot;}\" data-widget_type=\"heading.default\">\n\t\t\t\t<div class=\"elementor-widget-container\">\n\t\t\t<style>\/*! elementor - v3.6.8 - 27-07-2022 *\/\n.elementor-heading-title{padding:0;margin:0;line-height:1}.elementor-widget-heading .elementor-heading-title[class*=elementor-size-]>a{color:inherit;font-size:inherit;line-height:inherit}.elementor-widget-heading .elementor-heading-title.elementor-size-small{font-size:15px}.elementor-widget-heading .elementor-heading-title.elementor-size-medium{font-size:19px}.elementor-widget-heading .elementor-heading-title.elementor-size-large{font-size:29px}.elementor-widget-heading .elementor-heading-title.elementor-size-xl{font-size:39px}.elementor-widget-heading .elementor-heading-title.elementor-size-xxl{font-size:59px}<\/style><h1 class=\"elementor-heading-title elementor-size-default\">Tarih\u00e7emiz<\/h1>\t\t<\/div>\n\t\t\t\t<\/div>\n\t\t\t\t<div class=\"elementor-element elementor-element-e5a04a4 elementor-widget elementor-widget-text-editor\" data-id=\"e5a04a4\" data-element_type=\"widget\" data-widget_type=\"text-editor.default\">\n\t\t\t\t<div class=\"elementor-widget-container\">\n\t\t\t<style>\/*! elementor - v3.6.8 - 27-07-2022 *\/\n.elementor-widget-text-editor.elementor-drop-cap-view-stacked .elementor-drop-cap{background-color:#818a91;color:#fff}.elementor-widget-text-editor.elementor-drop-cap-view-framed .elementor-drop-cap{color:#818a91;border:3px solid;background-color:transparent}.elementor-widget-text-editor:not(.elementor-drop-cap-view-default) .elementor-drop-cap{margin-top:8px}.elementor-widget-text-editor:not(.elementor-drop-cap-view-default) .elementor-drop-cap-letter{width:1em;height:1em}.elementor-widget-text-editor .elementor-drop-cap{float:left;text-align:center;line-height:1;font-size:50px}.elementor-widget-text-editor .elementor-drop-cap-letter{display:inline-block}<\/style>\t\t\t\t<p>UGRUPPE hakk\u0131nda buradan daha fazla bilgi edinebilirsiniz<\/p>\n\t\t\t\t\t\t<\/div>\n\t\t\t\t<\/div>\n\t\t\t\t<div class=\"elementor-element elementor-element-c2c8986 elementor-mobile-align-center elementor-align-center elementor-widget elementor-widget-button\" data-id=\"c2c8986\" data-element_type=\"widget\" data-widget_type=\"button.default\">\n\t\t\t\t<div class=\"elementor-widget-container\">\n\t\t\t\t\t<div class=\"elementor-button-wrapper\">\n\t\t\t<a href=\"#geschichte\" class=\"elementor-button-link elementor-button elementor-size-md\" role=\"button\">\n\t\t\t\t\t\t<span class=\"elementor-button-content-wrapper\">\n\t\t\t\t\t\t\t<span class=\"elementor-button-icon elementor-align-icon-right\">\n\t\t\t\t<i aria-hidden=\"true\" class=\"fas fa-arrow-down\"><\/i>\t\t\t<\/span>\n\t\t\t\t\t\t<span class=\"elementor-button-text\">Daha fazla bilgi<\/span>\n\t\t<\/span>\n\t\t\t\t\t<\/a>\n\t\t<\/div>\n\t\t\t\t<\/div>\n\t\t\t\t<\/div>\n\t\t\t\t\t<\/div>\n\t\t<\/div>\n\t\t\t\t\t\t\t<\/div>\n\t\t<\/section>\n\t\t\t\t<section class=\"elementor-section elementor-top-section elementor-element elementor-element-bef392a elementor-section-boxed elementor-section-height-default elementor-section-height-default\" data-id=\"bef392a\" data-element_type=\"section\">\n\t\t\t\t\t\t<div class=\"elementor-container elementor-column-gap-default\">\n\t\t\t\t\t<div class=\"elementor-column elementor-col-100 elementor-top-column elementor-element elementor-element-c11da08\" data-id=\"c11da08\" data-element_type=\"column\">\n\t\t\t<div class=\"elementor-widget-wrap elementor-element-populated\">\n\t\t\t\t\t\t\t\t<div class=\"elementor-element elementor-element-78484c0 elementor-widget elementor-widget-menu-anchor\" data-id=\"78484c0\" data-element_type=\"widget\" data-widget_type=\"menu-anchor.default\">\n\t\t\t\t<div class=\"elementor-widget-container\">\n\t\t\t<style>\/*! elementor - v3.6.8 - 27-07-2022 *\/\nbody.elementor-page .elementor-widget-menu-anchor{margin-bottom:0}<\/style>\t\t<div id=\"geschichte\" class=\"elementor-menu-anchor\"><\/div>\n\t\t\t\t<\/div>\n\t\t\t\t<\/div>\n\t\t\t\t\t<\/div>\n\t\t<\/div>\n\t\t\t\t\t\t\t<\/div>\n\t\t<\/section>\n\t\t\t\t<section class=\"elementor-section elementor-top-section elementor-element elementor-element-3d9a2ca0 elementor-section-boxed elementor-section-height-default elementor-section-height-default\" data-id=\"3d9a2ca0\" data-element_type=\"section\" data-settings=\"{&quot;background_background&quot;:&quot;classic&quot;}\">\n\t\t\t\t\t\t\t<div class=\"elementor-background-overlay\"><\/div>\n\t\t\t\t\t\t\t<div class=\"elementor-container elementor-column-gap-default\">\n\t\t\t\t\t<div class=\"elementor-column elementor-col-100 elementor-top-column elementor-element elementor-element-4aeed625\" data-id=\"4aeed625\" data-element_type=\"column\">\n\t\t\t<div class=\"elementor-widget-wrap elementor-element-populated\">\n\t\t\t\t\t\t\t\t<div class=\"elementor-element elementor-element-207c77ff elementor-widget elementor-widget-heading\" data-id=\"207c77ff\" data-element_type=\"widget\" data-widget_type=\"heading.default\">\n\t\t\t\t<div class=\"elementor-widget-container\">\n\t\t\t<h3 class=\"elementor-heading-title elementor-size-default\">Tarih\u00e7e<\/h3>\t\t<\/div>\n\t\t\t\t<\/div>\n\t\t\t\t<div class=\"elementor-element elementor-element-2cfd4639 elementor-widget elementor-widget-heading\" data-id=\"2cfd4639\" data-element_type=\"widget\" data-widget_type=\"heading.default\">\n\t\t\t\t<div class=\"elementor-widget-container\">\n\t\t\t<h2 class=\"elementor-heading-title elementor-size-default\">Kendimizi b\u00f6yle geli\u015ftirdik<\/h2>\t\t<\/div>\n\t\t\t\t<\/div>\n\t\t\t\t<div class=\"elementor-element elementor-element-41aec109 elementor-widget elementor-widget-text-editor\" data-id=\"41aec109\" data-element_type=\"widget\" data-widget_type=\"text-editor.default\">\n\t\t\t\t<div class=\"elementor-widget-container\">\n\t\t\t\t\t\t\t<p>UGRUPPE, 2022 y\u0131l\u0131nda Ufuk G\u00fcnet taraf\u0131ndan kurulmu\u015f bir holding \u015firketidir.<\/p>\n<p>Batin Geb\u00e4udereinigung GmbH, UP &amp; Clean GmbH ve UGRUPPE \u2013personel hizmetlerinden olu\u015fmaktad\u0131r.<\/p>\n\t\t\t\t\t\t<\/div>\n\t\t\t\t<\/div>\n\t\t\t\t\t<\/div>\n\t\t<\/div>\n\t\t\t\t\t\t\t<\/div>\n\t\t<\/section>\n\t\t\t\t<section class=\"elementor-section elementor-top-section elementor-element elementor-element-22aa49f elementor-section-boxed elementor-section-height-default elementor-section-height-default\" data-id=\"22aa49f\" data-element_type=\"section\" data-settings=\"{&quot;background_background&quot;:&quot;classic&quot;}\">\n\t\t\t\t\t\t\t<div class=\"elementor-background-overlay\"><\/div>\n\t\t\t\t\t\t\t<div class=\"elementor-container elementor-column-gap-default\">\n\t\t\t\t\t<div class=\"elementor-column elementor-col-50 elementor-top-column elementor-element elementor-element-d852d05\" data-id=\"d852d05\" data-element_type=\"column\">\n\t\t\t<div class=\"elementor-widget-wrap elementor-element-populated\">\n\t\t\t\t\t\t\t\t<div class=\"elementor-element elementor-element-13d9241 elementor-widget elementor-widget-image\" data-id=\"13d9241\" data-element_type=\"widget\" data-widget_type=\"image.default\">\n\t\t\t\t<div class=\"elementor-widget-container\">\n\t\t\t<style>\/*! elementor - v3.6.8 - 27-07-2022 *\/\n.elementor-widget-image{text-align:center}.elementor-widget-image a{display:inline-block}.elementor-widget-image a img[src$=\".svg\"]{width:48px}.elementor-widget-image img{vertical-align:middle;display:inline-block}<\/style>\t\t\t\t\t\t\t\t\t\t\t\t<img decoding=\"async\" width=\"751\" height=\"984\" src=\"https:\/\/www.ugruppe.de\/wp-content\/uploads\/2022\/08\/Ufuk_Guenet.jpg\" class=\"attachment-full size-full\" alt=\"Ufuk G\u00fcnet\" srcset=\"https:\/\/www.ugruppe.de\/wp-content\/uploads\/2022\/08\/Ufuk_Guenet-200x262.jpg 200w, https:\/\/www.ugruppe.de\/wp-content\/uploads\/2022\/08\/Ufuk_Guenet-229x300.jpg 229w, https:\/\/www.ugruppe.de\/wp-content\/uploads\/2022\/08\/Ufuk_Guenet-400x524.jpg 400w, https:\/\/www.ugruppe.de\/wp-content\/uploads\/2022\/08\/Ufuk_Guenet-600x786.jpg 600w, https:\/\/www.ugruppe.de\/wp-content\/uploads\/2022\/08\/Ufuk_Guenet.jpg 751w\" sizes=\"(max-width: 751px) 100vw, 751px\" \/>\t\t\t\t\t\t\t\t\t\t\t\t\t\t\t<\/div>\n\t\t\t\t<\/div>\n\t\t\t\t\t<\/div>\n\t\t<\/div>\n\t\t\t\t<div class=\"elementor-column elementor-col-50 elementor-top-column elementor-element elementor-element-dad0a12\" data-id=\"dad0a12\" data-element_type=\"column\">\n\t\t\t<div class=\"elementor-widget-wrap elementor-element-populated\">\n\t\t\t\t\t\t\t\t<div class=\"elementor-element elementor-element-920d24d elementor-widget elementor-widget-heading\" data-id=\"920d24d\" data-element_type=\"widget\" data-widget_type=\"heading.default\">\n\t\t\t\t<div class=\"elementor-widget-container\">\n\t\t\t<h3 class=\"elementor-heading-title elementor-size-default\">Kurucu<\/h3>\t\t<\/div>\n\t\t\t\t<\/div>\n\t\t\t\t<div class=\"elementor-element elementor-element-354cc4f elementor-widget elementor-widget-heading\" data-id=\"354cc4f\" data-element_type=\"widget\" data-widget_type=\"heading.default\">\n\t\t\t\t<div class=\"elementor-widget-container\">\n\t\t\t<h2 class=\"elementor-heading-title elementor-size-default\">Say\u0131n Ufuk G\u00fcnet<br>\u00d6zge\u00e7mi\u015f:<\/h2>\t\t<\/div>\n\t\t\t\t<\/div>\n\t\t\t\t<div class=\"elementor-element elementor-element-c01e9ec elementor-widget elementor-widget-text-editor\" data-id=\"c01e9ec\" data-element_type=\"widget\" data-widget_type=\"text-editor.default\">\n\t\t\t\t<div class=\"elementor-widget-container\">\n\t\t\t\t\t\t\t<p>W\u00fcrzburg \u00dcniversitesi\u2019nde 2007 y\u0131l\u0131ndan itibaren hukuk e\u011fitimi g\u00f6r\u00fcrken ve arkas\u0131ndan vergi uzmanl\u0131\u011f\u0131 e\u011fitimi al\u0131rken Say\u0131n G\u00fcnet sekt\u00f6r\u00fc ve sekt\u00f6r\u00fcn temel gerekliliklerini \u00f6\u011frendi. Yar\u0131y\u0131l tatillerini, y\u00f6netim becerilerini daha fazla geli\u015ftirmek i\u00e7in kulland\u0131. Bir Tesis Y\u00f6netimi \u015eirketi\u2019nde sat\u0131\u015f m\u00fcd\u00fcrl\u00fc\u011f\u00fc olarak kazanm\u0131\u015f oldu\u011fu uzun y\u0131llara dayal\u0131 deneyimi sayesinde Say\u0131n G\u00fcnet teknik bilgisini holding \u015firketinin bir\u00e7ok alan\u0131nda kullan\u0131yor. Sekt\u00f6rle ilgili bir\u00e7ok ba\u011flant\u0131ya sahip, gen\u00e7, hedef odakl\u0131 bir giri\u015fimci olarak, enerjisini her zaman projelerinin ba\u015far\u0131s\u0131na harcay\u0131p, m\u00fc\u015fterilerinin memnuniyetini sa\u011flamaktad\u0131r.<\/p>\n\t\t\t\t\t\t<\/div>\n\t\t\t\t<\/div>\n\t\t\t\t<div class=\"elementor-element elementor-element-098f5f7 elementor-widget elementor-widget-heading\" data-id=\"098f5f7\" data-element_type=\"widget\" data-widget_type=\"heading.default\">\n\t\t\t\t<div class=\"elementor-widget-container\">\n\t\t\t<h3 class=\"elementor-heading-title elementor-size-default\">\"The stairway of life leads up to success\"<\/h3>\t\t<\/div>\n\t\t\t\t<\/div>\n\t\t\t\t\t<\/div>\n\t\t<\/div>\n\t\t\t\t\t\t\t<\/div>\n\t\t<\/section>\n\t\t\t\t<section class=\"elementor-section elementor-top-section elementor-element elementor-element-c64b60a elementor-section-boxed elementor-section-height-default elementor-section-height-default\" data-id=\"c64b60a\" data-element_type=\"section\" data-settings=\"{&quot;background_background&quot;:&quot;gradient&quot;,&quot;shape_divider_top&quot;:&quot;waves&quot;}\">\n\t\t\t\t\t\t\t<div class=\"elementor-background-overlay\"><\/div>\n\t\t\t\t\t\t<div class=\"elementor-shape elementor-shape-top\" data-negative=\"false\">\n\t\t\t<svg xmlns=\"http:\/\/www.w3.org\/2000\/svg\" viewBox=\"0 0 1000 100\" preserveAspectRatio=\"none\">\n\t<path class=\"elementor-shape-fill\" d=\"M421.9,6.5c22.6-2.5,51.5,0.4,75.5,5.3c23.6,4.9,70.9,23.5,100.5,35.7c75.8,32.2,133.7,44.5,192.6,49.7\n\tc23.6,2.1,48.7,3.5,103.4-2.5c54.7-6,106.2-25.6,106.2-25.6V0H0v30.3c0,0,72,32.6,158.4,30.5c39.2-0.7,92.8-6.7,134-22.4\n\tc21.2-8.1,52.2-18.2,79.7-24.2C399.3,7.9,411.6,7.5,421.9,6.5z\"\/>\n<\/svg>\t\t<\/div>\n\t\t\t\t\t<div class=\"elementor-container elementor-column-gap-default\">\n\t\t\t\t\t<div class=\"elementor-column elementor-col-50 elementor-top-column elementor-element elementor-element-35719de\" data-id=\"35719de\" data-element_type=\"column\">\n\t\t\t<div class=\"elementor-widget-wrap elementor-element-populated\">\n\t\t\t\t\t\t\t\t<div class=\"elementor-element elementor-element-0652b3e elementor-widget elementor-widget-heading\" data-id=\"0652b3e\" data-element_type=\"widget\" data-widget_type=\"heading.default\">\n\t\t\t\t<div class=\"elementor-widget-container\">\n\t\t\t<h4 class=\"elementor-heading-title elementor-size-default\">Sizin i\u00e7in buraday\u0131z<\/h4>\t\t<\/div>\n\t\t\t\t<\/div>\n\t\t\t\t<div class=\"elementor-element elementor-element-15878a4 elementor-widget elementor-widget-heading\" data-id=\"15878a4\" data-element_type=\"widget\" data-widget_type=\"heading.default\">\n\t\t\t\t<div class=\"elementor-widget-container\">\n\t\t\t<p class=\"elementor-heading-title elementor-size-default\">Ba\u015fka sorunuz var m\u0131? Bizimle ileti\u015fime ge\u00e7in. <\/p>\t\t<\/div>\n\t\t\t\t<\/div>\n\t\t\t\t<div class=\"elementor-element elementor-element-ef63d9f elementor-mobile-align-center elementor-widget elementor-widget-button\" data-id=\"ef63d9f\" data-element_type=\"widget\" data-widget_type=\"button.default\">\n\t\t\t\t<div class=\"elementor-widget-container\">\n\t\t\t\t\t<div class=\"elementor-button-wrapper\">\n\t\t\t<a href=\"https:\/\/www.ugruppe.de\/tr\/iletisim\/\" class=\"elementor-button-link elementor-button elementor-size-md\" role=\"button\">\n\t\t\t\t\t\t<span class=\"elementor-button-content-wrapper\">\n\t\t\t\t\t\t\t<span class=\"elementor-button-icon elementor-align-icon-right\">\n\t\t\t\t<i aria-hidden=\"true\" class=\"fas fa-arrow-right\"><\/i>\t\t\t<\/span>\n\t\t\t\t\t\t<span class=\"elementor-button-text\">\u0130leti\u015fim<\/span>\n\t\t<\/span>\n\t\t\t\t\t<\/a>\n\t\t<\/div>\n\t\t\t\t<\/div>\n\t\t\t\t<\/div>\n\t\t\t\t\t<\/div>\n\t\t<\/div>\n\t\t\t\t<div class=\"elementor-column elementor-col-50 elementor-top-column elementor-element elementor-element-9388fed\" data-id=\"9388fed\" data-element_type=\"column\">\n\t\t\t<div class=\"elementor-widget-wrap elementor-element-populated\">\n\t\t\t\t\t\t\t\t<div class=\"elementor-element elementor-element-b8ea218 elementor-widget elementor-widget-image\" data-id=\"b8ea218\" data-element_type=\"widget\" data-settings=\"{&quot;motion_fx_motion_fx_scrolling&quot;:&quot;yes&quot;,&quot;motion_fx_translateY_effect&quot;:&quot;yes&quot;,&quot;motion_fx_translateY_direction&quot;:&quot;negative&quot;,&quot;motion_fx_translateY_speed&quot;:{&quot;unit&quot;:&quot;px&quot;,&quot;size&quot;:&quot;1&quot;,&quot;sizes&quot;:[]},&quot;motion_fx_devices&quot;:[&quot;desktop&quot;,&quot;tablet&quot;],&quot;motion_fx_translateY_affectedRange&quot;:{&quot;unit&quot;:&quot;%&quot;,&quot;size&quot;:&quot;&quot;,&quot;sizes&quot;:{&quot;start&quot;:&quot;0&quot;,&quot;end&quot;:&quot;50&quot;}}}\" data-widget_type=\"image.default\">\n\t\t\t\t<div class=\"elementor-widget-container\">\n\t\t\t\t\t\t\t\t\t\t\t\t\t\t\t<img decoding=\"async\" width=\"1350\" height=\"900\" src=\"https:\/\/www.ugruppe.de\/wp-content\/uploads\/2022\/08\/shutterstock_1147848674.jpg\" class=\"attachment-full size-full\" alt=\"\" srcset=\"https:\/\/www.ugruppe.de\/wp-content\/uploads\/2022\/08\/shutterstock_1147848674-200x133.jpg 200w, https:\/\/www.ugruppe.de\/wp-content\/uploads\/2022\/08\/shutterstock_1147848674-300x200.jpg 300w, https:\/\/www.ugruppe.de\/wp-content\/uploads\/2022\/08\/shutterstock_1147848674-400x267.jpg 400w, https:\/\/www.ugruppe.de\/wp-content\/uploads\/2022\/08\/shutterstock_1147848674-600x400.jpg 600w, https:\/\/www.ugruppe.de\/wp-content\/uploads\/2022\/08\/shutterstock_1147848674-768x512.jpg 768w, https:\/\/www.ugruppe.de\/wp-content\/uploads\/2022\/08\/shutterstock_1147848674-800x533.jpg 800w, https:\/\/www.ugruppe.de\/wp-content\/uploads\/2022\/08\/shutterstock_1147848674-1024x683.jpg 1024w, https:\/\/www.ugruppe.de\/wp-content\/uploads\/2022\/08\/shutterstock_1147848674-1200x800.jpg 1200w, https:\/\/www.ugruppe.de\/wp-content\/uploads\/2022\/08\/shutterstock_1147848674.jpg 1350w\" sizes=\"(max-width: 1350px) 100vw, 1350px\" \/>\t\t\t\t\t\t\t\t\t\t\t\t\t\t\t<\/div>\n\t\t\t\t<\/div>\n\t\t\t\t\t<\/div>\n\t\t<\/div>\n\t\t\t\t\t\t\t<\/div>\n\t\t<\/section>\n\t\t\t\t\t\t\t<\/div>\n\t\t","protected":false},"excerpt":{"rendered":"<p>Tarih\u00e7emiz UGRUPPE hakk\u0131nda buradan daha fazla bilgi edinebilirsiniz Daha fazla [&hellip;]<\/p>\n","protected":false},"author":5,"featured_media":0,"parent":0,"menu_order":0,"comment_status":"closed","ping_status":"closed","template":"elementor_header_footer","meta":[],"acf":[],"_links":{"self":[{"href":"https:\/\/www.ugruppe.de\/tr\/wp-json\/wp\/v2\/pages\/5448"}],"collection":[{"href":"https:\/\/www.ugruppe.de\/tr\/wp-json\/wp\/v2\/pages"}],"about":[{"href":"https:\/\/www.ugruppe.de\/tr\/wp-json\/wp\/v2\/types\/page"}],"author":[{"embeddable":true,"href":"https:\/\/www.ugruppe.de\/tr\/wp-json\/wp\/v2\/users\/5"}],"replies":[{"embeddable":true,"href":"https:\/\/www.ugruppe.de\/tr\/wp-json\/wp\/v2\/comments?post=5448"}],"version-history":[{"count":9,"href":"https:\/\/www.ugruppe.de\/tr\/wp-json\/wp\/v2\/pages\/5448\/revisions"}],"predecessor-version":[{"id":6307,"href":"https:\/\/www.ugruppe.de\/tr\/wp-json\/wp\/v2\/pages\/5448\/revisions\/6307"}],"wp:attachment":[{"href":"https:\/\/www.ugruppe.de\/tr\/wp-json\/wp\/v2\/media?parent=5448"}],"curies":[{"name":"wp","href":"https:\/\/api.w.org\/{rel}","templated":true}]}}